{"id":2389,"date":"2018-05-19T15:48:33","date_gmt":"2018-05-19T13:48:33","guid":{"rendered":"http:\/\/beta.hhbrandworks.com\/?page_id=2389"},"modified":"2024-07-12T13:19:04","modified_gmt":"2024-07-12T11:19:04","slug":"datenschutz","status":"publish","type":"page","link":"https:\/\/hhbrandworks.com\/en\/datenschutz\/","title":{"rendered":"Privacy policy"},"content":{"rendered":"<p>dlskflalfkaslfkasl\u00f6kf\u00f6laskf sfklaskfl\u00f6kas\u00f6lfa asfkalkfl\u00f6sakf<\/p>\n","protected":false},"excerpt":{"rendered":"<p>dlskflalfkaslfkasl\u00f6kf\u00f6laskf sfklaskfl\u00f6kas\u00f6lfa asfkalkfl\u00f6sakf<\/p>\n","protected":false},"author":1,"featured_media":0,"parent":0,"menu_order":5,"comment_status":"closed","ping_status":"closed","template":"","meta":[],"_links":{"self":[{"href":"https:\/\/hhbrandworks.com\/en\/wp-json\/wp\/v2\/pages\/2389"}],"collection":[{"href":"https:\/\/hhbrandworks.com\/en\/wp-json\/wp\/v2\/pages"}],"about":[{"href":"https:\/\/hhbrandworks.com\/en\/wp-json\/wp\/v2\/types\/page"}],"author":[{"embeddable":true,"href":"https:\/\/hhbrandworks.com\/en\/wp-json\/wp\/v2\/users\/1"}],"replies":[{"embeddable":true,"href":"https:\/\/hhbrandworks.com\/en\/wp-json\/wp\/v2\/comments?post=2389"}],"version-history":[{"count":2,"href":"https:\/\/hhbrandworks.com\/en\/wp-json\/wp\/v2\/pages\/2389\/revisions"}],"predecessor-version":[{"id":3890,"href":"https:\/\/hhbrandworks.com\/en\/wp-json\/wp\/v2\/pages\/2389\/revisions\/3890"}],"wp:attachment":[{"href":"https:\/\/hhbrandworks.com\/en\/wp-json\/wp\/v2\/media?parent=2389"}],"curies":[{"name":"wp","href":"https:\/\/api.w.org\/{rel}","templated":true}]}}